{"id":67,"date":"2015-06-25T14:14:33","date_gmt":"2015-06-25T07:14:33","guid":{"rendered":"https:\/\/wydethemes.com\/flora5\/?page_id=67"},"modified":"2024-05-08T12:23:21","modified_gmt":"2024-05-08T05:23:21","slug":"about-us","status":"publish","type":"page","link":"https:\/\/victory-mind.com\/en\/about-us\/","title":{"rendered":"About Us"},"content":{"rendered":"<p>[vc_row padding_size=&#8221;s-padding&#8221; background_color=&#8221;rgba(255,255,255,0.85)&#8221;][vc_column][vc_custom_heading text=&#8221;VICTORY MIND chuy\u00ean t\u1ed5 ch\u1ee9c c\u00e1c s\u1ef1 ki\u1ec7n l\u1edbn tr\u00ean to\u00e0n qu\u1ed1c.&#8221; font_container=&#8221;tag:h4|font_size:34px|text_align:left|color:%231e73be|line_height:40px&#8221; google_fonts=&#8221;font_family:Lato%3A100%2C100italic%2C300%2C300italic%2Cregular%2Citalic%2C700%2C700italic%2C900%2C900italic|font_style:400%20regular%3A400%3Anormal&#8221; text_transform=&#8221;none&#8221; css=&#8221;.vc_custom_1543897033441{padding-right: 5% !important;padding-left: 2% !important;}&#8221; animation=&#8221;fadeInLeft&#8221; link=&#8221;url:http%3A%2F%2Fvictory-mind.com%2Fcategory%2Fto-chuc-su-kien|title:T%E1%BB%95%20ch%E1%BB%A9c%20s%E1%BB%B1%20ki%E1%BB%87n|&#8221;][\/vc_column][\/vc_row][vc_row vertical_align=&#8221;middle&#8221; padding_size=&#8221;no-padding&#8221; background_color=&#8221;rgba(209,209,209,0.84)&#8221;][vc_column padding_size=&#8221;no-padding&#8221; width=&#8221;1\/2&#8243;][vc_single_image image=&#8221;946&#8243; alignment=&#8221;center&#8221; responsive=&#8221;true&#8221;][\/vc_column][vc_column padding_size=&#8221;l-padding&#8221; width=&#8221;1\/2&#8243;][vc_column_text]<\/p>\n<blockquote>\n<h6 style=\"font-size: 42px;\"><strong>Gi\u1edbi thi\u1ec7u<\/strong><\/h6>\n<\/blockquote>\n<p>[\/vc_column_text][vc_column_text]<\/p>\n<p style=\"text-align: justify;\"><span class=\"dropcap\">V<\/span><br \/>\nC\u00f4ng ty CP \u0110\u1ea6U T\u01af XNK TMDV SG Chi\u1ebfn Th\u1eafng (SG VICTORY INVESTMENT IMPORT EXPORT TRADINH SERVICE JOINT STOCK COMPANY) l\u00e0 m\u1ed9t trong nh\u1eefng \u0111\u01a1n v\u1ecb ho\u1ea1t \u0111\u1ed9ng h\u00e0ng \u0111\u1ea7u, ti\u00ean phong trong l\u0129nh v\u1ef1c t\u1ed5 ch\u1ee9c s\u1ef1 ki\u1ec7n: H\u1ed9i ngh\u1ecb kh\u00e1ch h\u00e0ng, \u0110\u1ea1i h\u1ed9i c\u1ed5 \u0111\u00f4ng, L\u1ec5 k\u1ec9 ni\u1ec7m, L\u1ec5 khai tr\u01b0\u01a1ng, Gi\u1edbi thi\u1ec7u s\u1ea3n ph\u1ea9m m\u1edbi, T\u01b0 v\u1ea5n th\u01b0\u01a1ng hi\u1ec7u v\u00e0 qu\u1ea3ng c\u00e1o th\u01b0\u01a1ng m\u1ea1i t\u1ea1i Vi\u1ec7t Nam. V\u00e0 ch\u00fang t\u00f4i lu\u00f4n \u0111\u01b0\u1ee3c kh\u00e1ch h\u00e0ng ti\u1ebfn nhi\u1ec7m trong c\u00e1c l\u0129nh v\u1ef1c ho\u1ea1t \u0111\u1ed9ng: T\u1ed5 ch\u1ee9c l\u1ec5 t\u00e2n \u2013 kh\u00e1nh ti\u1ebft: \u0110\u1ed9ng th\u1ed5 (kh\u1edfi c\u00f4ng), Kh\u00e1nh th\u00e0nh; H\u1ed9i tr\u1ee3 &#8211; tri\u1ec5n l\u00e3m; T\u1ed5 ch\u1ee9c qu\u1ea3ng c\u00e1o ti\u1ebfp th\u1ecb \u0111a truy\u1ec1n th\u00f4ng; Th\u1ef1c hi\u1ec7n thi c\u00f4ng b\u1ea3ng t\u00ean c\u00f4ng ty; Cung c\u1ea5p qu\u00e0 t\u1eb7ng v\u00e0 in \u1ea5n c\u00e1c lo\u1ea1i, th\u01b0\u01a1ng m\u1ea1i, xu\u1ea5t nh\u1eadp kh\u1ea9u, t\u01b0 v\u1ea5n \u0111\u1ea7u t\u01b0 v\u00e0 t\u01b0 v\u1ea5n du h\u1ecdc.<\/p>\n<p style=\"text-align: justify;\">V\u1edbi phong c\u00e1ch l\u00e0m vi\u1ec7c n\u0103ng \u0111\u1ed9ng, s\u00e1ng t\u1ea1o, chu \u0111\u00e1o v\u00e0 hi\u1ec7u qu\u1ea3 tr\u00ean c\u01a1 s\u1edf th\u1ea5u hi\u1ebfu v\u00e0 l\u1eafng nghe kh\u00e1ch h\u00e0ng, ch\u00fang t\u00f4i \u0111\u00e3 t\u1ea1o \u0111\u01b0\u1ee3c d\u1ea5u \u1ea5n ri\u00eang v\u1edbi kh\u00e1ch h\u00e0ng trong v\u00e0 qu\u1ed1c t\u1ebf. C\u00f4ng ty chung t\u00f4i t\u1ef1 tin s\u1ebd lu\u00f4n l\u00e0 n\u01a1i tin c\u1eady v\u1eefng ch\u1eafc nh\u1ea5t c\u1ee7a kh\u00e1ch h\u00e0ng trong l\u0129nh v\u1ef1c ho\u1ea1t \u0111\u1ed9ng c\u1ee7a ch\u00fang t\u00f4i qua r\u1ea5t nhi\u1ec1u d\u1ef1 \u00e1n, c\u00f4ng tr\u00ecnh c\u1ea5p qu\u1ed1c gia ho\u1eb7c li\u00ean doanh m\u00e0 ch\u00fang t\u00f4i \u0111\u00e3 t\u1eebng tham ph\u1ee5c v\u1ee5<\/p>\n<p style=\"text-align: justify;\">V\u1edbi ph\u01b0\u01a1ng ch\u00e2m \u00ab <strong><em>Chi\u1ebfn th\u1eafng c\u1ee7a b\u1ea1n, l\u00e0 Chi\u1ebfn th\u1eafng c\u1ee7a ch\u00fang t\u00f4i<\/em><\/strong> \u00bb Ch\u00fang t\u00f4i lu\u00f4n lu\u00f4n mong mu\u1ed1n \u0111\u01b0\u1ee3c ph\u1ee5c v\u1ee5 Q\u00fay kh\u00e1ch h\u00e0ng m\u1ecdi l\u00fac, m\u1ecdi n\u01a1i.<\/p>\n<p>[\/vc_column_text][vc_empty_space height=&#8221;60px&#8221;][vc_row_inner vertical_align=&#8221;middle&#8221; padding_size=&#8221;m-padding&#8221;][vc_column_inner text_align=&#8221;center&#8221; padding_size=&#8221;no-padding&#8221;][wyde_button title=&#8221;Xem th\u00eam&#8221; style=&#8221;round-outline&#8221; size=&#8221;large&#8221; link=&#8221;url:http%3A%2F%2Fvictory-mind.com%2Fservices%2F|title:L%E1%BB%85%20kh%E1%BB%9Fi%20c%C3%B4ng%20-%20L%E1%BB%85%20Khai%20tr%C6%B0%C6%A1ng|&#8221; bg_color=&#8221;#dd3333&#8243;][\/vc_column_inner][\/vc_row_inner][\/vc_column][\/vc_row][vc_row vertical_align=&#8221;middle&#8221; padding_size=&#8221;no-padding&#8221; background_color=&#8221;rgba(219,219,219,0.79)&#8221;][vc_column padding_size=&#8221;l-padding&#8221; width=&#8221;1\/2&#8243;][vc_column_text]<\/p>\n<blockquote>\n<h6 style=\"font-size: 42px;\"><strong>About us<\/strong><\/h6>\n<\/blockquote>\n<p>[\/vc_column_text][vc_column_text]<\/p>\n<p style=\"text-align: justify;\"><span class=\"dropcap\">V<\/span>SG VICTORY INVESTMENT IMPORT EXPORT TRADINH SERVICE JOINT STOCK COMPANY \u2013 VM within years of operation and development has created a remarkabel style of service to clients nationwide : dynamic, creative, dedicated and effective.<br \/>\nVM\u2019s range of services that has achieved the credibilities of clients includes Ground Breaking Ceremony, Grand Opening Ceremony, New Product Launching Ceremony, Anniversary, Clien Conference, Designing and Installing booths for Trade Fair Exhibition, Designing and Printing for Advertising, Trading, Import \u2013 Export Sevices, Investment and Study Abroad Consulting Service\u2026<\/p>\n<p style=\"text-align: justify;\">The record of many projects stage successfully within such a short period of time extends us with the pride of being the clients\u2019 most reliable partner.<br \/>\nWe always serve you anywhere, anytime with \u00ab <strong><em>Best service for clients to win<\/em><\/strong> \u00bb<\/p>\n<p>[\/vc_column_text][vc_empty_space height=&#8221;60px&#8221;][vc_row_inner vertical_align=&#8221;middle&#8221; padding_size=&#8221;m-padding&#8221;][vc_column_inner text_align=&#8221;center&#8221;][wyde_button title=&#8221;Learn more&#8221; style=&#8221;round-outline&#8221; size=&#8221;large&#8221; link=&#8221;url:http%3A%2F%2Fvictory-mind.com%2Fservices%2F|title:L%E1%BB%85%20k%E1%BB%B7%20ni%E1%BB%87m|&#8221; bg_color=&#8221;#dd3333&#8243;][\/vc_column_inner][\/vc_row_inner][\/vc_column][vc_column padding_size=&#8221;no-padding&#8221; width=&#8221;1\/2&#8243;][vc_single_image image=&#8221;947&#8243; alignment=&#8221;center&#8221; responsive=&#8221;true&#8221;][\/vc_column][\/vc_row][vc_row padding_size=&#8221;s-padding&#8221; background_color=&#8221;rgba(209,209,209,0.87)&#8221;][vc_column][vc_column_text]<\/p>\n<h3>KH\u00c1CH H\u00c0NG C\u1ee6A CH\u00daNG T\u00d4I<\/h3>\n<p>[\/vc_column_text][wyde_clients_carousel images=&#8221;944,943,942,941,940,939,938,937,936,935,934,933,932,931,930,929,928,927,926,925,924,923,922,921,920,919,918,917,916,915&#8243; visible_items=&#8221;6&#8243; show_pagination=&#8221;true&#8221; auto_play=&#8221;4&#8243; slide_loop=&#8221;true&#8221;][\/vc_column][\/vc_row][vc_row background_color=&#8221;rgba(119,119,119,0.79)&#8221;][vc_column text_align=&#8221;center&#8221; padding_size=&#8221;s-padding&#8221;][wyde_button title=&#8221;Kh\u00e1m ph\u00e1 th\u00eam&#8221; style=&#8221;round-outline&#8221; size=&#8221;large&#8221; link=&#8221;url:http%3A%2F%2Fvictory-mind.com%2Fcategory%2Fto-chuc-su-kien%2F|title:T%E1%BB%95%20ch%E1%BB%A9c%20s%E1%BB%B1%20ki%E1%BB%87n|&#8221; bg_color=&#8221;#dd3333&#8243;][\/vc_column][\/vc_row]<\/p>\n","protected":false},"excerpt":{"rendered":"<p>[vc_row padding_size=&#8221;s-padding&#8221; background_color=&#8221;rgba(255,255,255,0.85)&#8221;][vc_column][vc_custom_heading text=&#8221;VICTORY MIND chuy\u00ean t\u1ed5 ch\u1ee9c c\u00e1c s\u1ef1 ki\u1ec7n l\u1edbn tr\u00ean to\u00e0n qu\u1ed1c.&#8221; font_container=&#8221;tag:h4|font_size:34px|text_align:left|color:%231e73be|line_height:40px&#8221; google_fonts=&#8221;font_family:Lato%3A100%2C100italic%2C300%2C300italic%2Cregular%2Citalic%2C700%2C700italic%2C900%2C900italic|font_style:400%20regular%3A400%3Anormal&#8221; text_transform=&#8221;none&#8221; css=&#8221;.vc_custom_1543897033441{padding-right: 5% !important;padding-left: 2% !important;}&#8221; animation=&#8221;fadeInLeft&#8221; link=&#8221;url:http%3A%2F%2Fvictory-mind.com%2Fcategory%2Fto-chuc-su-kien|title:T%E1%BB%95%20ch%E1%BB%A9c%20s%E1%BB%B1%20ki%E1%BB%87n|&#8221;][\/vc_column][\/vc_row][vc_row vertical_align=&#8221;middle&#8221; padding_size=&#8221;no-padding&#8221; background_color=&#8221;rgba(209,209,209,0.84)&#8221;][vc_column padding_size=&#8221;no-padding&#8221; width=&#8221;1\/2&#8243;][vc_single_image image=&#8221;946&#8243; alignment=&#8221;center&#8221; responsive=&#8221;true&#8221;][\/vc_column][vc_column padding_size=&#8221;l-padding&#8221; width=&#8221;1\/2&#8243;][vc_column_text] Gi\u1edbi thi\u1ec7u [\/vc_column_text][vc_column_text] V C\u00f4ng ty CP \u0110\u1ea6U T\u01af XNK TMDV SG Chi\u1ebfn Th\u1eafng (SG VICTORY INVESTMENT IMPORT EXPORT TRADINH&hellip; <br \/> <a class=\"button small blue\" href=\"https:\/\/victory-mind.com\/en\/about-us\/\">Read more<\/a><\/p>\n","protected":false},"author":2,"featured_media":0,"parent":0,"menu_order":0,"comment_status":"closed","ping_status":"closed","template":"","meta":[],"yoast_head":"<!-- This site is optimized with the Yoast SEO plugin v20.8 - https:\/\/yoast.com\/wordpress\/plugins\/seo\/ -->\n<title>About Us - VICTORY MIND<\/title>\n<meta name=\"robots\" content=\"index, follow, max-snippet:-1, max-image-preview:large, max-video-preview:-1\" \/>\n<link rel=\"canonical\" href=\"https:\/\/victory-mind.com\/en\/about-us\/\" \/>\n<meta property=\"og:locale\" content=\"en_US\" \/>\n<meta property=\"og:locale:alternate\" content=\"vi\" \/>\n<meta property=\"og:type\" content=\"article\" \/>\n<meta property=\"og:title\" content=\"About Us\" \/>\n<meta property=\"og:description\" content=\"[vc_row padding_size=&#8221;s-padding&#8221; background_color=&#8221;rgba(255,255,255,0.85)&#8221;][vc_column][vc_custom_heading text=&#8221;VICTORY MIND chuy\u00ean t\u1ed5 ch\u1ee9c c\u00e1c s\u1ef1 ki\u1ec7n l\u1edbn tr\u00ean to\u00e0n qu\u1ed1c.&#8221; font_container=&#8221;tag:h4|font_size:34px|text_align:left|color:%231e73be|line_height:40px&#8221; google_fonts=&#8221;font_family:Lato%3A100%2C100italic%2C300%2C300italic%2Cregular%2Citalic%2C700%2C700italic%2C900%2C900italic|font_style:400%20regular%3A400%3Anormal&#8221; text_transform=&#8221;none&#8221; css=&#8221;.vc_custom_1543897033441{padding-right: 5% !important;padding-left: 2% !important;}&#8221; animation=&#8221;fadeInLeft&#8221; link=&#8221;url:http%3A%2F%2Fvictory-mind.com%2Fcategory%2Fto-chuc-su-kien|title:T%E1%BB%95%20ch%E1%BB%A9c%20s%E1%BB%B1%20ki%E1%BB%87n|&#8221;][\/vc_column][\/vc_row][vc_row vertical_align=&#8221;middle&#8221; padding_size=&#8221;no-padding&#8221; background_color=&#8221;rgba(209,209,209,0.84)&#8221;][vc_column padding_size=&#8221;no-padding&#8221; width=&#8221;1\/2&#8243;][vc_single_image image=&#8221;946&#8243; alignment=&#8221;center&#8221; responsive=&#8221;true&#8221;][\/vc_column][vc_column padding_size=&#8221;l-padding&#8221; width=&#8221;1\/2&#8243;][vc_column_text] Gi\u1edbi thi\u1ec7u [\/vc_column_text][vc_column_text] V C\u00f4ng ty CP \u0110\u1ea6U T\u01af XNK TMDV SG Chi\u1ebfn Th\u1eafng (SG VICTORY INVESTMENT IMPORT EXPORT TRADINH&hellip; Read more\" \/>\n<meta property=\"og:url\" content=\"https:\/\/victory-mind.com\/en\/about-us\/\" \/>\n<meta property=\"og:site_name\" content=\"VICTORY MIND\" \/>\n<meta property=\"article:modified_time\" content=\"2024-05-08T05:23:21+00:00\" \/>\n<meta name=\"twitter:card\" content=\"summary_large_image\" \/>\n<meta name=\"twitter:label1\" content=\"Est. reading time\" \/>\n\t<meta name=\"twitter:data1\" content=\"8 minutes\" \/>\n<script type=\"application\/ld+json\" class=\"yoast-schema-graph\">{\"@context\":\"https:\/\/schema.org\",\"@graph\":[{\"@type\":\"WebPage\",\"@id\":\"https:\/\/victory-mind.com\/en\/about-us\/\",\"url\":\"https:\/\/victory-mind.com\/en\/about-us\/\",\"name\":\"About Us\",\"isPartOf\":{\"@id\":\"https:\/\/victory-mind.com\/#website\"},\"datePublished\":\"2015-06-25T07:14:33+00:00\",\"dateModified\":\"2024-05-08T05:23:21+00:00\",\"breadcrumb\":{\"@id\":\"https:\/\/victory-mind.com\/en\/about-us\/#breadcrumb\"},\"inLanguage\":\"en-US\",\"potentialAction\":[{\"@type\":\"ReadAction\",\"target\":[\"https:\/\/victory-mind.com\/en\/about-us\/\"]}]},{\"@type\":\"BreadcrumbList\",\"@id\":\"https:\/\/victory-mind.com\/en\/about-us\/#breadcrumb\",\"itemListElement\":[{\"@type\":\"ListItem\",\"position\":1,\"name\":\"Trang ch\u1ee7\",\"item\":\"https:\/\/victory-mind.com\/en\/\"},{\"@type\":\"ListItem\",\"position\":2,\"name\":\"About Us\"}]},{\"@type\":\"WebSite\",\"@id\":\"https:\/\/victory-mind.com\/#website\",\"url\":\"https:\/\/victory-mind.com\/\",\"name\":\"VICTORY MIND\",\"description\":\"TO WIN YOUR LIFE\",\"publisher\":{\"@id\":\"https:\/\/victory-mind.com\/#organization\"},\"potentialAction\":[{\"@type\":\"SearchAction\",\"target\":{\"@type\":\"EntryPoint\",\"urlTemplate\":\"https:\/\/victory-mind.com\/?s={search_term_string}\"},\"query-input\":\"required name=search_term_string\"}],\"inLanguage\":\"en-US\"},{\"@type\":\"Organization\",\"@id\":\"https:\/\/victory-mind.com\/#organization\",\"name\":\"VICTORY MIND\",\"url\":\"https:\/\/victory-mind.com\/\",\"logo\":{\"@type\":\"ImageObject\",\"inLanguage\":\"en-US\",\"@id\":\"https:\/\/victory-mind.com\/#\/schema\/logo\/image\/\",\"url\":\"https:\/\/victory-mind.com\/wp-content\/uploads\/2017\/03\/victory-mind_cropped-victory-mind_logo-200.png\",\"contentUrl\":\"https:\/\/victory-mind.com\/wp-content\/uploads\/2017\/03\/victory-mind_cropped-victory-mind_logo-200.png\",\"width\":150,\"height\":122,\"caption\":\"VICTORY MIND\"},\"image\":{\"@id\":\"https:\/\/victory-mind.com\/#\/schema\/logo\/image\/\"}}]}<\/script>\n<!-- \/ Yoast SEO plugin. -->","yoast_head_json":{"title":"About Us - VICTORY MIND","robots":{"index":"index","follow":"follow","max-snippet":"max-snippet:-1","max-image-preview":"max-image-preview:large","max-video-preview":"max-video-preview:-1"},"canonical":"https:\/\/victory-mind.com\/en\/about-us\/","og_locale":"en_US","og_type":"article","og_title":"[:en]About Us[:vi]Gi\u1edbi thi\u1ec7u[:] - VICTORY MIND","og_description":"[vc_row padding_size=&#8221;s-padding&#8221; background_color=&#8221;rgba(255,255,255,0.85)&#8221;][vc_column][vc_custom_heading text=&#8221;VICTORY MIND chuy\u00ean t\u1ed5 ch\u1ee9c c\u00e1c s\u1ef1 ki\u1ec7n l\u1edbn tr\u00ean to\u00e0n qu\u1ed1c.&#8221; font_container=&#8221;tag:h4|font_size:34px|text_align:left|color:%231e73be|line_height:40px&#8221; google_fonts=&#8221;font_family:Lato%3A100%2C100italic%2C300%2C300italic%2Cregular%2Citalic%2C700%2C700italic%2C900%2C900italic|font_style:400%20regular%3A400%3Anormal&#8221; text_transform=&#8221;none&#8221; css=&#8221;.vc_custom_1543897033441{padding-right: 5% !important;padding-left: 2% !important;}&#8221; animation=&#8221;fadeInLeft&#8221; link=&#8221;url:http%3A%2F%2Fvictory-mind.com%2Fcategory%2Fto-chuc-su-kien|title:T%E1%BB%95%20ch%E1%BB%A9c%20s%E1%BB%B1%20ki%E1%BB%87n|&#8221;][\/vc_column][\/vc_row][vc_row vertical_align=&#8221;middle&#8221; padding_size=&#8221;no-padding&#8221; background_color=&#8221;rgba(209,209,209,0.84)&#8221;][vc_column padding_size=&#8221;no-padding&#8221; width=&#8221;1\/2&#8243;][vc_single_image image=&#8221;946&#8243; alignment=&#8221;center&#8221; responsive=&#8221;true&#8221;][\/vc_column][vc_column padding_size=&#8221;l-padding&#8221; width=&#8221;1\/2&#8243;][vc_column_text] Gi\u1edbi thi\u1ec7u [\/vc_column_text][vc_column_text] V C\u00f4ng ty CP \u0110\u1ea6U T\u01af XNK TMDV SG Chi\u1ebfn Th\u1eafng (SG VICTORY INVESTMENT IMPORT EXPORT TRADINH&hellip; Read more","og_url":"https:\/\/victory-mind.com\/en\/about-us\/","og_site_name":"VICTORY MIND","article_modified_time":"2024-05-08T05:23:21+00:00","twitter_card":"summary_large_image","twitter_misc":{"Est. reading time":"8 minutes"},"schema":{"@context":"https:\/\/schema.org","@graph":[{"@type":"WebPage","@id":"https:\/\/victory-mind.com\/en\/about-us\/","url":"https:\/\/victory-mind.com\/en\/about-us\/","name":"About Us","isPartOf":{"@id":"https:\/\/victory-mind.com\/#website"},"datePublished":"2015-06-25T07:14:33+00:00","dateModified":"2024-05-08T05:23:21+00:00","breadcrumb":{"@id":"https:\/\/victory-mind.com\/en\/about-us\/#breadcrumb"},"inLanguage":"en-US","potentialAction":[{"@type":"ReadAction","target":["https:\/\/victory-mind.com\/en\/about-us\/"]}]},{"@type":"BreadcrumbList","@id":"https:\/\/victory-mind.com\/en\/about-us\/#breadcrumb","itemListElement":[{"@type":"ListItem","position":1,"name":"Trang ch\u1ee7","item":"https:\/\/victory-mind.com\/en\/"},{"@type":"ListItem","position":2,"name":"About Us"}]},{"@type":"WebSite","@id":"https:\/\/victory-mind.com\/#website","url":"https:\/\/victory-mind.com\/","name":"VICTORY MIND","description":"TO WIN YOUR LIFE","publisher":{"@id":"https:\/\/victory-mind.com\/#organization"},"potentialAction":[{"@type":"SearchAction","target":{"@type":"EntryPoint","urlTemplate":"https:\/\/victory-mind.com\/?s={search_term_string}"},"query-input":"required name=search_term_string"}],"inLanguage":"en-US"},{"@type":"Organization","@id":"https:\/\/victory-mind.com\/#organization","name":"VICTORY MIND","url":"https:\/\/victory-mind.com\/","logo":{"@type":"ImageObject","inLanguage":"en-US","@id":"https:\/\/victory-mind.com\/#\/schema\/logo\/image\/","url":"https:\/\/victory-mind.com\/wp-content\/uploads\/2017\/03\/victory-mind_cropped-victory-mind_logo-200.png","contentUrl":"https:\/\/victory-mind.com\/wp-content\/uploads\/2017\/03\/victory-mind_cropped-victory-mind_logo-200.png","width":150,"height":122,"caption":"VICTORY MIND"},"image":{"@id":"https:\/\/victory-mind.com\/#\/schema\/logo\/image\/"}}]}},"_links":{"self":[{"href":"https:\/\/victory-mind.com\/en\/wp-json\/wp\/v2\/pages\/67"}],"collection":[{"href":"https:\/\/victory-mind.com\/en\/wp-json\/wp\/v2\/pages"}],"about":[{"href":"https:\/\/victory-mind.com\/en\/wp-json\/wp\/v2\/types\/page"}],"author":[{"embeddable":true,"href":"https:\/\/victory-mind.com\/en\/wp-json\/wp\/v2\/users\/2"}],"replies":[{"embeddable":true,"href":"https:\/\/victory-mind.com\/en\/wp-json\/wp\/v2\/comments?post=67"}],"version-history":[{"count":1,"href":"https:\/\/victory-mind.com\/en\/wp-json\/wp\/v2\/pages\/67\/revisions"}],"predecessor-version":[{"id":1229,"href":"https:\/\/victory-mind.com\/en\/wp-json\/wp\/v2\/pages\/67\/revisions\/1229"}],"wp:attachment":[{"href":"https:\/\/victory-mind.com\/en\/wp-json\/wp\/v2\/media?parent=67"}],"curies":[{"name":"wp","href":"https:\/\/api.w.org\/{rel}","templated":true}]}}