{"id":821,"date":"2017-03-13T06:35:52","date_gmt":"2017-03-12T23:35:52","guid":{"rendered":"https:\/\/victory-mind.com\/?page_id=821"},"modified":"2024-05-08T12:24:53","modified_gmt":"2024-05-08T05:24:53","slug":"du-an-tieu-bieu","status":"publish","type":"page","link":"https:\/\/victory-mind.com\/en\/du-an-tieu-bieu\/","title":{"rendered":"D\u1ef1 \u00e1n ti\u00eau bi\u1ec3u"},"content":{"rendered":"<h2 style=\"text-align: center;\">D\u1ef1 \u00e1n ti\u00eau bi\u1ec3u<\/h2>\n<style id=\"sp_pcp_dynamic_style1220\">#pcp_wrapper-1220 .sp-pcp-row{ margin-right: -10px;margin-left: -10px;}#pcp_wrapper-1220 .sp-pcp-row [class*='sp-pcp-col-']{padding-right: 10px;padding-left: 10px;padding-bottom: 20px;}.pcp-wrapper-1220 .sp-pcp-title a {color: #111;display: inherit;} .pcp-wrapper-1220 .sp-pcp-title a:hover {color: #e1624b;}.pcp-wrapper-1220 .sp-pcp-post-content{color: #444; }#pcp_wrapper-1220 .sp-pcp-post {padding: 0 0 0 0;}#pcp_wrapper-1220 .sp-pcp-post {border: 0px solid #e2e2e2;}#pcp_wrapper-1220 .sp-pcp-post {border-radius: 0px;}#pcp_wrapper-1220 .sp-pcp-post{background-color: transparent;}.pcp-wrapper-1220 .sp-pcp-post-meta li,.pcp-wrapper-1220 .sp-pcp-post-meta ul,.pcp-wrapper-1220 .sp-pcp-post-meta li a{color: #888;}.pcp-wrapper-1220 .sp-pcp-post-meta li a:hover{color: #e1624b;}#pcp_wrapper-1220 .pcp-post-pagination .page-numbers.current, #pcp_wrapper-1220 .pcp-post-pagination a.active , #pcp_wrapper-1220 .pcp-post-pagination a:hover{ color: #ffffff; background: #e1624b; border-color: #e1624b; }#pcp_wrapper-1220 .pcp-post-pagination .page-numbers, .pcp-post-pagination a{ background: #ffffff; color:#5e5e5e; border-color: #bbbbbb; }<\/style>\n<div id=\"pcp_wrapper-1220\" class=\"sp-pcp-section sp-pcp-container pcp-wrapper-1220\">\n\t<div class=\"sp-pcp-row\">\n\t\t\t\t<div class=\" sp-pcp-col-xs-1 sp-pcp-col-sm-2 sp-pcp-col-md-3 sp-pcp-col-lg-4 sp-pcp-col-xl-4\">\n\t\t\t<div class=\"sp-pcp-post pcp-item-1138\" data-id=\"1138\">\n\t\t\t\t\t\t\t\t<div class=\"pcp-post-thumb-wrapper\">\n\t\t\t\t\t<div class=\"sp-pcp-post-thumb-area\">\n\t\t\t\t\t\t\t\t\t\t\t\t<a class=\"sp-pcp-thumb\" href=\"https:\/\/victory-mind.com\/en\/dinh-cu-tai-my-khong-chi-con-la-giac-mo\/\" target=\"_self\" >\n\t\t\t\t\t\t\t\t\t\t\t\t\t<img src=\"https:\/\/victory-mind.com\/wp-content\/uploads\/2018\/10\/victory-mind_images.jpg\" width=\"275\" height=\"183\" alt=\"\">\n\t\t\t\t\t\t<\/a>\n\t\t\t\t\t<\/div>\n\t\t\t\t<\/div>\n\t\t\t\t\t\t\t<h2 class=\"sp-pcp-title\">\n\t\t\t\t\t\t\t\t\t<a href=\"https:\/\/victory-mind.com\/en\/dinh-cu-tai-my-khong-chi-con-la-giac-mo\/\"  target=\"_self\">\u0110\u1ecaNH C\u01af T\u1ea0I M\u1ef8 KH\u00d4NG CH\u1ec8 C\u00d2N L\u00c0 GI\u1ea4C M\u01a0<\/a>\t\t\t\t\t\t\t<\/h2>\n\t\t\t\t\t\t<div class=\"sp-pcp-post-meta\">\n\t\t\t<ul><li>\t\t\t\t\t<i class=\"fa fa-user\"><\/i>\n\t\t\t\t\t<a href=\"https:\/\/victory-mind.com\/en\/author\/victory\/\"\n\t\t\t\t\t\trel=\"author\">Victory Vi<\/a>\n\t\t\t\t\t<\/li> <li>\t\t\t\t\t<i class=\"fa fa-calendar\"><\/i>\n\t\t\t\t\t<time class=\"entry-date published updated\">28\/05\/2023<\/time>\n\t\t\t\t\t<\/li> <li>\t\t\t\t\t\t<i class=\"fa fa-comments-o\"><\/i>\n\t\t\t\t\t\t\t<a href=\"https:\/\/victory-mind.com\/en\/dinh-cu-tai-my-khong-chi-con-la-giac-mo\/\">0<\/a>\n\t\t\t\t\t\t<\/li><\/ul>\t\t<\/div>\n\t\t\t\t\t<div class=\"sp-pcp-post-content\">\n\t\t\t<p>Du h\u1ecdc m\u1edf ra c\u01a1 h\u1ed9i ti\u1ebfp x\u00fac v\u1edbi n\u1ec1n v\u0103n minh hi\u1ec7n \u0111\u1ea1i, ti\u00ean ti\u1ebfn tr\u00ean th\u1ebf gi\u1edbi, c\u0169ng nh\u01b0 vi\u1ec7c h\u1ee9a h\u1eb9n cho con \u0111\u01b0\u1eddng t\u01b0\u01a1ng l\u1ea1i t\u01b0\u01a1i s\u00e1ng h\u01a1n. Du h\u1ecdc M\u1ef9 l\u00e0 l\u1ef1a ch\u1ecdn h\u00e0ng \u0111\u1ea7u c\u1ee7a nhi\u1ec1u b\u1ea1n sinh vi\u00ean khi c\u00f3 \u01b0\u1edbc m\u01a1 du h\u1ecdc v\u00e0 \u0111\u1ec3 du h\u1ecdc&hellip; <br \/> <a class=\"button small blue\" href=\"https:\/\/victory-mind.com\/en\/dinh-cu-tai-my-khong-chi-con-la-giac-mo\/\">Read more<\/a><\/p>\n\t\t<\/div>\n\t\t\t\t\t\t<\/div>\n\t\t<\/div>\n\t\t\t\t<div class=\" sp-pcp-col-xs-1 sp-pcp-col-sm-2 sp-pcp-col-md-3 sp-pcp-col-lg-4 sp-pcp-col-xl-4\">\n\t\t\t<div class=\"sp-pcp-post pcp-item-1168\" data-id=\"1168\">\n\t\t\t\t\t\t\t\t<div class=\"pcp-post-thumb-wrapper\">\n\t\t\t\t\t<div class=\"sp-pcp-post-thumb-area\">\n\t\t\t\t\t\t\t\t\t\t\t\t<a class=\"sp-pcp-thumb\" href=\"https:\/\/victory-mind.com\/en\/dinh-cu-my-theo-dien-dau-tu-eb-3\/\" target=\"_self\" >\n\t\t\t\t\t\t\t\t\t\t\t\t\t<img src=\"https:\/\/victory-mind.com\/wp-content\/uploads\/2018\/10\/victory-mind_insurancce.jpg\" width=\"1280\" height=\"578\" alt=\"\">\n\t\t\t\t\t\t<\/a>\n\t\t\t\t\t<\/div>\n\t\t\t\t<\/div>\n\t\t\t\t\t\t\t<h2 class=\"sp-pcp-title\">\n\t\t\t\t\t\t\t\t\t<a href=\"https:\/\/victory-mind.com\/en\/dinh-cu-my-theo-dien-dau-tu-eb-3\/\"  target=\"_self\">\u0110\u1ecaNH C\u01af M\u1ef8 THEO DI\u1ec6N \u0110\u1ea6U T\u01af EB-3<\/a>\t\t\t\t\t\t\t<\/h2>\n\t\t\t\t\t\t<div class=\"sp-pcp-post-meta\">\n\t\t\t<ul><li>\t\t\t\t\t<i class=\"fa fa-user\"><\/i>\n\t\t\t\t\t<a href=\"https:\/\/victory-mind.com\/en\/author\/victory\/\"\n\t\t\t\t\t\trel=\"author\">Victory Vi<\/a>\n\t\t\t\t\t<\/li> <li>\t\t\t\t\t<i class=\"fa fa-calendar\"><\/i>\n\t\t\t\t\t<time class=\"entry-date published updated\">01\/10\/2018<\/time>\n\t\t\t\t\t<\/li> <li>\t\t\t\t\t\t<i class=\"fa fa-comments-o\"><\/i>\n\t\t\t\t\t\t\t<a href=\"https:\/\/victory-mind.com\/en\/dinh-cu-my-theo-dien-dau-tu-eb-3\/\">0<\/a>\n\t\t\t\t\t\t<\/li><\/ul>\t\t<\/div>\n\t\t\t\t\t<div class=\"sp-pcp-post-content\">\n\t\t\t<p>EB3 l\u00e0 ch\u01b0\u01a1ng tr\u00ecnh \u0111\u1ecbnh c\u01b0 t\u1ea1i M\u1ef9 theo di\u1ec7n lao \u0111\u1ed9ng ph\u1ed5 th\u00f4ng d\u00e0nh cho lao \u0111\u1ed9ng ng\u01b0\u1eddi n\u01b0\u1edbc ngo\u00e0i l\u00e0m vi\u1ec7c t\u1ea1i c\u00e1c n\u00f4ng tr\u1ea1i, t\u00f2a nh\u00e0, nh\u00e0 h\u00e0ng, c\u00e1c c\u00f4ng ty ngo\u1ea1i th\u1ea5t.. &nbsp; Y\u00eau c\u1ea7u \u0111\u01b0\u01a1ng \u0111\u01a1n c\u00f3 s\u1ee9c kh\u1ecfe t\u1ed1t, trong \u0111\u1ed9 tu\u1ed5i lao \u0111\u1ed9ng, kh\u00f4ng y\u00eau c\u1ea7u tr\u00ecnh \u0111\u1ed9,&hellip; <br \/> <a class=\"button small blue\" href=\"https:\/\/victory-mind.com\/en\/dinh-cu-my-theo-dien-dau-tu-eb-3\/\">Read more<\/a><\/p>\n\t\t<\/div>\n\t\t\t\t\t\t<\/div>\n\t\t<\/div>\n\t\t\t\t<div class=\" sp-pcp-col-xs-1 sp-pcp-col-sm-2 sp-pcp-col-md-3 sp-pcp-col-lg-4 sp-pcp-col-xl-4\">\n\t\t\t<div class=\"sp-pcp-post pcp-item-1166\" data-id=\"1166\">\n\t\t\t\t\t\t\t\t<div class=\"pcp-post-thumb-wrapper\">\n\t\t\t\t\t<div class=\"sp-pcp-post-thumb-area\">\n\t\t\t\t\t\t\t\t\t\t\t\t<a class=\"sp-pcp-thumb\" href=\"https:\/\/victory-mind.com\/en\/dinh-cu-my-theo-dien-dau-tu-eb-5\/\" target=\"_self\" >\n\t\t\t\t\t\t\t\t\t\t\t\t\t<img src=\"https:\/\/victory-mind.com\/wp-content\/uploads\/2018\/10\/victory-mind_tai-xuong-7.jpg\" width=\"288\" height=\"175\" alt=\"\">\n\t\t\t\t\t\t<\/a>\n\t\t\t\t\t<\/div>\n\t\t\t\t<\/div>\n\t\t\t\t\t\t\t<h2 class=\"sp-pcp-title\">\n\t\t\t\t\t\t\t\t\t<a href=\"https:\/\/victory-mind.com\/en\/dinh-cu-my-theo-dien-dau-tu-eb-5\/\"  target=\"_self\">\u0110\u1ecaNH C\u01af M\u1ef8 THEO DI\u1ec6N \u0110\u1ea6U T\u01af EB-5<\/a>\t\t\t\t\t\t\t<\/h2>\n\t\t\t\t\t\t<div class=\"sp-pcp-post-meta\">\n\t\t\t<ul><li>\t\t\t\t\t<i class=\"fa fa-user\"><\/i>\n\t\t\t\t\t<a href=\"https:\/\/victory-mind.com\/en\/author\/victory\/\"\n\t\t\t\t\t\trel=\"author\">Victory Vi<\/a>\n\t\t\t\t\t<\/li> <li>\t\t\t\t\t<i class=\"fa fa-calendar\"><\/i>\n\t\t\t\t\t<time class=\"entry-date published updated\">01\/10\/2018<\/time>\n\t\t\t\t\t<\/li> <li>\t\t\t\t\t\t<i class=\"fa fa-comments-o\"><\/i>\n\t\t\t\t\t\t\t<a href=\"https:\/\/victory-mind.com\/en\/dinh-cu-my-theo-dien-dau-tu-eb-5\/\">0<\/a>\n\t\t\t\t\t\t<\/li><\/ul>\t\t<\/div>\n\t\t\t\t\t<div class=\"sp-pcp-post-content\">\n\t\t\t<p>EB-5 l\u00e0 g\u00ec? Ch\u01b0\u01a1ng tr\u00ecnh EB-5 (vi\u1ebft t\u1eaft c\u1ee7a Employment Base Fifth) l\u00e0 ch\u01b0\u01a1ng tr\u00ecnh xin\u00a0th\u1ebb xanh M\u1ef9an to\u00e0n v\u00e0 nhanh nh\u1ea5t d\u00e0nh cho ng\u01b0\u1eddi n\u01b0\u1edbc ngo\u00e0i \u0111\u1ebfn M\u1ef9 theo h\u00ecnh th\u1ee9c \u0111\u1ea7u t\u01b0 Ch\u01b0\u01a1ng tr\u00ecnh \u0111\u01b0\u1ee3c Ch\u00ednh ph\u1ee7 M\u1ef9 kh\u1edfi x\u01b0\u1edbng t\u1eeb n\u0103m 1990 v\u00e0 \u0111\u00e3 gi\u00fap c\u1ea3i thi\u1ec7n nhi\u1ec1u \u0111\u1ecba ph\u01b0\u01a1ng \u1edf M\u1ef9&hellip; <br \/> <a class=\"button small blue\" href=\"https:\/\/victory-mind.com\/en\/dinh-cu-my-theo-dien-dau-tu-eb-5\/\">Read more<\/a><\/p>\n\t\t<\/div>\n\t\t\t\t\t\t<\/div>\n\t\t<\/div>\n\t\t\t\t<div class=\" sp-pcp-col-xs-1 sp-pcp-col-sm-2 sp-pcp-col-md-3 sp-pcp-col-lg-4 sp-pcp-col-xl-4\">\n\t\t\t<div class=\"sp-pcp-post pcp-item-1161\" data-id=\"1161\">\n\t\t\t\t\t\t\t\t<div class=\"pcp-post-thumb-wrapper\">\n\t\t\t\t\t<div class=\"sp-pcp-post-thumb-area\">\n\t\t\t\t\t\t\t\t\t\t\t\t<a class=\"sp-pcp-thumb\" href=\"https:\/\/victory-mind.com\/en\/du-hoc\/\" target=\"_self\" >\n\t\t\t\t\t\t\t\t\t\t\t\t\t<img src=\"https:\/\/victory-mind.com\/wp-content\/uploads\/2018\/10\/victory-mind_tai-xuong-10.jpg\" width=\"352\" height=\"143\" alt=\"\">\n\t\t\t\t\t\t<\/a>\n\t\t\t\t\t<\/div>\n\t\t\t\t<\/div>\n\t\t\t\t\t\t\t<h2 class=\"sp-pcp-title\">\n\t\t\t\t\t\t\t\t\t<a href=\"https:\/\/victory-mind.com\/en\/du-hoc\/\"  target=\"_self\">DU H\u1eccC<\/a>\t\t\t\t\t\t\t<\/h2>\n\t\t\t\t\t\t<div class=\"sp-pcp-post-meta\">\n\t\t\t<ul><li>\t\t\t\t\t<i class=\"fa fa-user\"><\/i>\n\t\t\t\t\t<a href=\"https:\/\/victory-mind.com\/en\/author\/victory\/\"\n\t\t\t\t\t\trel=\"author\">Victory Vi<\/a>\n\t\t\t\t\t<\/li> <li>\t\t\t\t\t<i class=\"fa fa-calendar\"><\/i>\n\t\t\t\t\t<time class=\"entry-date published updated\">01\/10\/2018<\/time>\n\t\t\t\t\t<\/li> <li>\t\t\t\t\t\t<i class=\"fa fa-comments-o\"><\/i>\n\t\t\t\t\t\t\t<a href=\"https:\/\/victory-mind.com\/en\/du-hoc\/\">0<\/a>\n\t\t\t\t\t\t<\/li><\/ul>\t\t<\/div>\n\t\t\t\t\t<div class=\"sp-pcp-post-content\">\n\t\t\t<p>Du h\u1ecdc m\u1edf ra c\u01a1 h\u1ed9i ti\u1ebfp x\u00fac v\u1edbi n\u1ec1n v\u0103n minh hi\u1ec7n \u0111\u1ea1i, ti\u00ean ti\u1ebfn tr\u00ean th\u1ebf gi\u1edbi, c\u0169ng nh\u01b0 vi\u1ec7c h\u1ee9a h\u1eb9n cho con \u0111\u01b0\u1eddng t\u01b0\u01a1ng l\u1ea1i t\u01b0\u01a1i s\u00e1ng h\u01a1n. Du h\u1ecdc M\u1ef9 l\u00e0 l\u1ef1a ch\u1ecdn h\u00e0ng \u0111\u1ea7u c\u1ee7a nhi\u1ec1u b\u1ea1n sinh vi\u00ean khi c\u00f3 \u01b0\u1edbc m\u01a1 du h\u1ecdc v\u00e0 \u0111\u1ec3 du h\u1ecdc&hellip; <br \/> <a class=\"button small blue\" href=\"https:\/\/victory-mind.com\/en\/du-hoc\/\">Read more<\/a><\/p>\n\t\t<\/div>\n\t\t\t\t\t\t<\/div>\n\t\t<\/div>\n\t\t\t\t<div class=\" sp-pcp-col-xs-1 sp-pcp-col-sm-2 sp-pcp-col-md-3 sp-pcp-col-lg-4 sp-pcp-col-xl-4\">\n\t\t\t<div class=\"sp-pcp-post pcp-item-531\" data-id=\"531\">\n\t\t\t\t\t\t\t\t<div class=\"pcp-post-thumb-wrapper\">\n\t\t\t\t\t<div class=\"sp-pcp-post-thumb-area\">\n\t\t\t\t\t\t\t\t\t\t\t\t<a class=\"sp-pcp-thumb\" href=\"https:\/\/victory-mind.com\/en\/le-khoi-cong-cang-cai-mep\/\" target=\"_self\" >\n\t\t\t\t\t\t\t\t\t\t\t\t\t<img src=\"https:\/\/victory-mind.com\/wp-content\/uploads\/2015\/06\/victory-mind_cang-cai-mep_0004.jpg\" width=\"1280\" height=\"857\" alt=\"\">\n\t\t\t\t\t\t<\/a>\n\t\t\t\t\t<\/div>\n\t\t\t\t<\/div>\n\t\t\t\t\t\t\t<h2 class=\"sp-pcp-title\">\n\t\t\t\t\t\t\t\t\t<a href=\"https:\/\/victory-mind.com\/en\/le-khoi-cong-cang-cai-mep\/\"  target=\"_self\">L\u1ec5 kh\u1edfi c\u00f4ng C\u1ea3ng C\u00e1i M\u00e9p<\/a>\t\t\t\t\t\t\t<\/h2>\n\t\t\t\t\t\t<div class=\"sp-pcp-post-meta\">\n\t\t\t<ul><li>\t\t\t\t\t<i class=\"fa fa-user\"><\/i>\n\t\t\t\t\t<a href=\"https:\/\/victory-mind.com\/en\/author\/victory\/\"\n\t\t\t\t\t\trel=\"author\">Victory Vi<\/a>\n\t\t\t\t\t<\/li> <li>\t\t\t\t\t<i class=\"fa fa-calendar\"><\/i>\n\t\t\t\t\t<time class=\"entry-date published updated\">09\/06\/2015<\/time>\n\t\t\t\t\t<\/li><\/ul>\t\t<\/div>\n\t\t\t\t\t<div class=\"sp-pcp-post-content\">\n\t\t\t<p>L\u1ec5 kh\u1edfi c\u00f4ng c\u1ea3ng C\u00e1i M\u00e9p Thi Vai<\/p>\n\t\t<\/div>\n\t\t\t\t\t\t<\/div>\n\t\t<\/div>\n\t\t\t<\/div>\n\t\t<span class=\"sp-pcp-pagination-data\" style=\"display:none;\"><\/span>\n\n\t\t<nav class=\"pcp-post-pagination pcp-on-desktop\">\n\t\t\t\t\t<\/nav>\n\t\t\t\t\t<nav class=\"pcp-post-pagination pcp-on-mobile\">\n\t\t\t\t\t<\/nav>\n\t\t\t\t<\/div>\n\n","protected":false},"excerpt":{"rendered":"<p>D\u1ef1 \u00e1n ti\u00eau bi\u1ec3u<\/p>\n","protected":false},"author":2,"featured_media":0,"parent":0,"menu_order":0,"comment_status":"closed","ping_status":"closed","template":"","meta":[],"yoast_head":"<!-- This site is optimized with the Yoast SEO plugin v20.8 - https:\/\/yoast.com\/wordpress\/plugins\/seo\/ -->\n<title>D\u1ef1 \u00e1n ti\u00eau bi\u1ec3u - VICTORY MIND<\/title>\n<meta name=\"robots\" content=\"index, follow, max-snippet:-1, max-image-preview:large, max-video-preview:-1\" \/>\n<link rel=\"canonical\" href=\"https:\/\/victory-mind.com\/en\/du-an-tieu-bieu\/\" \/>\n<meta property=\"og:locale\" content=\"en_US\" \/>\n<meta property=\"og:locale:alternate\" content=\"vi\" \/>\n<meta property=\"og:type\" content=\"article\" \/>\n<meta property=\"og:title\" content=\"D\u1ef1 \u00e1n ti\u00eau bi\u1ec3u\" \/>\n<meta property=\"og:description\" content=\"D\u1ef1 \u00e1n ti\u00eau bi\u1ec3u\" \/>\n<meta property=\"og:url\" content=\"https:\/\/victory-mind.com\/en\/le-khoi-cong-cang-cai-mep\/\" \/>\n<meta property=\"og:site_name\" content=\"VICTORY MIND\" \/>\n<meta property=\"article:modified_time\" content=\"2024-05-08T05:24:53+00:00\" \/>\n<meta name=\"twitter:card\" content=\"summary_large_image\" \/>\n<meta name=\"twitter:label1\" content=\"Est. reading time\" \/>\n\t<meta name=\"twitter:data1\" content=\"1 minute\" \/>\n<script type=\"application\/ld+json\" class=\"yoast-schema-graph\">{\"@context\":\"https:\/\/schema.org\",\"@graph\":[{\"@type\":\"WebPage\",\"@id\":\"https:\/\/victory-mind.com\/en\/du-an-tieu-bieu\/\",\"url\":\"https:\/\/victory-mind.com\/en\/du-an-tieu-bieu\/\",\"name\":\"D\u1ef1 \u00e1n ti\u00eau bi\u1ec3u\",\"isPartOf\":{\"@id\":\"https:\/\/victory-mind.com\/#website\"},\"datePublished\":\"2017-03-12T23:35:52+00:00\",\"dateModified\":\"2024-05-08T05:24:53+00:00\",\"breadcrumb\":{\"@id\":\"https:\/\/victory-mind.com\/en\/du-an-tieu-bieu\/#breadcrumb\"},\"inLanguage\":\"en-US\",\"potentialAction\":[{\"@type\":\"ReadAction\",\"target\":[\"https:\/\/victory-mind.com\/en\/du-an-tieu-bieu\/\"]}]},{\"@type\":\"BreadcrumbList\",\"@id\":\"https:\/\/victory-mind.com\/en\/du-an-tieu-bieu\/#breadcrumb\",\"itemListElement\":[{\"@type\":\"ListItem\",\"position\":1,\"name\":\"Trang ch\u1ee7\",\"item\":\"https:\/\/victory-mind.com\/en\/\"},{\"@type\":\"ListItem\",\"position\":2,\"name\":\"D\u1ef1 \u00e1n ti\u00eau bi\u1ec3u\"}]},{\"@type\":\"WebSite\",\"@id\":\"https:\/\/victory-mind.com\/#website\",\"url\":\"https:\/\/victory-mind.com\/\",\"name\":\"VICTORY MIND\",\"description\":\"TO WIN YOUR LIFE\",\"publisher\":{\"@id\":\"https:\/\/victory-mind.com\/#organization\"},\"potentialAction\":[{\"@type\":\"SearchAction\",\"target\":{\"@type\":\"EntryPoint\",\"urlTemplate\":\"https:\/\/victory-mind.com\/?s={search_term_string}\"},\"query-input\":\"required name=search_term_string\"}],\"inLanguage\":\"en-US\"},{\"@type\":\"Organization\",\"@id\":\"https:\/\/victory-mind.com\/#organization\",\"name\":\"VICTORY MIND\",\"url\":\"https:\/\/victory-mind.com\/\",\"logo\":{\"@type\":\"ImageObject\",\"inLanguage\":\"en-US\",\"@id\":\"https:\/\/victory-mind.com\/#\/schema\/logo\/image\/\",\"url\":\"https:\/\/victory-mind.com\/wp-content\/uploads\/2017\/03\/victory-mind_cropped-victory-mind_logo-200.png\",\"contentUrl\":\"https:\/\/victory-mind.com\/wp-content\/uploads\/2017\/03\/victory-mind_cropped-victory-mind_logo-200.png\",\"width\":150,\"height\":122,\"caption\":\"VICTORY MIND\"},\"image\":{\"@id\":\"https:\/\/victory-mind.com\/#\/schema\/logo\/image\/\"}}]}<\/script>\n<!-- \/ Yoast SEO plugin. -->","yoast_head_json":{"title":"D\u1ef1 \u00e1n ti\u00eau bi\u1ec3u - VICTORY MIND","robots":{"index":"index","follow":"follow","max-snippet":"max-snippet:-1","max-image-preview":"max-image-preview:large","max-video-preview":"max-video-preview:-1"},"canonical":"https:\/\/victory-mind.com\/en\/du-an-tieu-bieu\/","og_locale":"en_US","og_type":"article","og_title":"[:en]D\u1ef1 \u00e1n ti\u00eau bi\u1ec3u[:vi]D\u1ef1 \u00e1n ti\u00eau bi\u1ec3u[:] - VICTORY MIND","og_description":"D\u1ef1 \u00e1n ti\u00eau bi\u1ec3u","og_url":"https:\/\/victory-mind.com\/en\/le-khoi-cong-cang-cai-mep\/","og_site_name":"VICTORY MIND","article_modified_time":"2024-05-08T05:24:53+00:00","twitter_card":"summary_large_image","twitter_misc":{"Est. reading time":"1 minute"},"schema":{"@context":"https:\/\/schema.org","@graph":[{"@type":"WebPage","@id":"https:\/\/victory-mind.com\/en\/du-an-tieu-bieu\/","url":"https:\/\/victory-mind.com\/en\/du-an-tieu-bieu\/","name":"D\u1ef1 \u00e1n ti\u00eau bi\u1ec3u","isPartOf":{"@id":"https:\/\/victory-mind.com\/#website"},"datePublished":"2017-03-12T23:35:52+00:00","dateModified":"2024-05-08T05:24:53+00:00","breadcrumb":{"@id":"https:\/\/victory-mind.com\/en\/du-an-tieu-bieu\/#breadcrumb"},"inLanguage":"en-US","potentialAction":[{"@type":"ReadAction","target":["https:\/\/victory-mind.com\/en\/du-an-tieu-bieu\/"]}]},{"@type":"BreadcrumbList","@id":"https:\/\/victory-mind.com\/en\/du-an-tieu-bieu\/#breadcrumb","itemListElement":[{"@type":"ListItem","position":1,"name":"Trang ch\u1ee7","item":"https:\/\/victory-mind.com\/en\/"},{"@type":"ListItem","position":2,"name":"D\u1ef1 \u00e1n ti\u00eau bi\u1ec3u"}]},{"@type":"WebSite","@id":"https:\/\/victory-mind.com\/#website","url":"https:\/\/victory-mind.com\/","name":"VICTORY MIND","description":"TO WIN YOUR LIFE","publisher":{"@id":"https:\/\/victory-mind.com\/#organization"},"potentialAction":[{"@type":"SearchAction","target":{"@type":"EntryPoint","urlTemplate":"https:\/\/victory-mind.com\/?s={search_term_string}"},"query-input":"required name=search_term_string"}],"inLanguage":"en-US"},{"@type":"Organization","@id":"https:\/\/victory-mind.com\/#organization","name":"VICTORY MIND","url":"https:\/\/victory-mind.com\/","logo":{"@type":"ImageObject","inLanguage":"en-US","@id":"https:\/\/victory-mind.com\/#\/schema\/logo\/image\/","url":"https:\/\/victory-mind.com\/wp-content\/uploads\/2017\/03\/victory-mind_cropped-victory-mind_logo-200.png","contentUrl":"https:\/\/victory-mind.com\/wp-content\/uploads\/2017\/03\/victory-mind_cropped-victory-mind_logo-200.png","width":150,"height":122,"caption":"VICTORY MIND"},"image":{"@id":"https:\/\/victory-mind.com\/#\/schema\/logo\/image\/"}}]}},"_links":{"self":[{"href":"https:\/\/victory-mind.com\/en\/wp-json\/wp\/v2\/pages\/821"}],"collection":[{"href":"https:\/\/victory-mind.com\/en\/wp-json\/wp\/v2\/pages"}],"about":[{"href":"https:\/\/victory-mind.com\/en\/wp-json\/wp\/v2\/types\/page"}],"author":[{"embeddable":true,"href":"https:\/\/victory-mind.com\/en\/wp-json\/wp\/v2\/users\/2"}],"replies":[{"embeddable":true,"href":"https:\/\/victory-mind.com\/en\/wp-json\/wp\/v2\/comments?post=821"}],"version-history":[{"count":1,"href":"https:\/\/victory-mind.com\/en\/wp-json\/wp\/v2\/pages\/821\/revisions"}],"predecessor-version":[{"id":1234,"href":"https:\/\/victory-mind.com\/en\/wp-json\/wp\/v2\/pages\/821\/revisions\/1234"}],"wp:attachment":[{"href":"https:\/\/victory-mind.com\/en\/wp-json\/wp\/v2\/media?parent=821"}],"curies":[{"name":"wp","href":"https:\/\/api.w.org\/{rel}","templated":true}]}}